{"id":1131,"date":"2015-02-03T12:49:39","date_gmt":"2015-02-03T10:49:39","guid":{"rendered":"https:\/\/www.precastplants.com\/?page_id=1131"},"modified":"2015-02-03T12:49:39","modified_gmt":"2015-02-03T10:49:39","slug":"qualitaetspruefung-testgeraete","status":"publish","type":"page","link":"https:\/\/www.precastplants.com\/de\/loesungsanbieter\/produktionsmaschinen-und-ausruestung\/qualitaetspruefung-testgeraete\/","title":{"rendered":"Qualit\u00e4tspr\u00fcfung, Testger\u00e4te"},"content":{"rendered":"<h2><\/h2>\n<h2>CMT International AB<\/h2>\n<p>11759 Stockholm | Sweden<\/p>\n<hr \/>\n<h2>Dr. SCHULZE GmbH<\/h2>\n<p>57234 Wilnsdorf<\/p>\n<hr \/>\n<h2>HawkeyePedershaab.com<\/h2>\n<p>52637 Mediapolis (IA) | USA<\/p>\n<hr \/>\n<h2>KNAUER Engineering<\/h2>\n<p>82538 Geretsried | Germany<\/p>\n<hr \/>\n<h2>MBK Maschinenbau GmbH<\/h2>\n<p>88353 Kisslegg | Germany<\/p>\n<hr \/>\n<h2>MIXER Systems, Inc.<\/h2>\n<p>53072 Pewaukee (WI) | USA<\/p>\n<hr \/>\n<h2>Pathfinder Systems<\/h2>\n<p>49424 Holland (MI) | USA<\/p>\n<hr \/>\n<h2>PROCEQ SA<\/h2>\n<p>8603 Schwerzenbach | Switzerland<\/p>\n<hr \/>\n<h2>TINIUS OLSEN<\/h2>\n<p>19044-8009 Horsham (PA) | USA<\/p>\n<hr \/>\n<h2>WERNE &amp; THIEL Sensortechnik<\/h2>\n<p>79793 WERNE &amp; THIEL Sensortechnik | Germany<\/p>\n<hr \/>\n<p>&nbsp;<\/p>\n<p>&nbsp;<\/p>\n<p>&nbsp;<\/p>\n","protected":false},"excerpt":{"rendered":"<p>CMT International AB 11759 Stockholm | Sweden Dr. SCHULZE GmbH 57234 Wilnsdorf HawkeyePedershaab.com 52637 Mediapolis (IA) | USA KNAUER Engineering 82538 Geretsried | Germany MBK Maschinenbau GmbH 88353 Kisslegg | Germany MIXER Systems, Inc. 53072 Pewaukee (WI) | USA Pathfinder Systems 49424 Holland (MI) | USA PROCEQ SA 8603 Schwerzenbach | Switzerland TINIUS OLSEN 19044-8009 [&hellip;]<\/p>\n<a href=\"https:\/\/www.precastplants.com\/de\/loesungsanbieter\/produktionsmaschinen-und-ausruestung\/qualitaetspruefung-testgeraete\/\"> Read More...<\/a>","protected":false},"author":1,"featured_media":0,"parent":1083,"menu_order":3224,"comment_status":"closed","ping_status":"closed","template":"","meta":{"footnotes":""},"class_list":["post-1131","page","type-page","status-publish","hentry"],"yoast_head":"<!-- This site is optimized with the Yoast SEO plugin v24.8.1 - https:\/\/yoast.com\/wordpress\/plugins\/seo\/ -->\n<title>Qualit\u00e4tspr\u00fcfung, Testger\u00e4te - Precastplants.com<\/title>\n<meta name=\"robots\" content=\"index, follow, max-snippet:-1, max-image-preview:large, max-video-preview:-1\" \/>\n<link rel=\"canonical\" href=\"https:\/\/www.precastplants.com\/solutions-provider\/machines-equipment\/testing-equipment\/\" \/>\n<meta property=\"og:locale\" content=\"de_DE\" \/>\n<meta property=\"og:type\" content=\"article\" \/>\n<meta property=\"og:title\" content=\"Qualit\u00e4tspr\u00fcfung, Testger\u00e4te - Precastplants.com\" \/>\n<meta property=\"og:description\" content=\"CMT International AB 11759 Stockholm | Sweden Dr. SCHULZE GmbH 57234 Wilnsdorf HawkeyePedershaab.com 52637 Mediapolis (IA) | USA KNAUER Engineering 82538 Geretsried | Germany MBK Maschinenbau GmbH 88353 Kisslegg | Germany MIXER Systems, Inc. 53072 Pewaukee (WI) | USA Pathfinder Systems 49424 Holland (MI) | USA PROCEQ SA 8603 Schwerzenbach | Switzerland TINIUS OLSEN 19044-8009 [&hellip;]\" \/>\n<meta property=\"og:url\" content=\"https:\/\/www.precastplants.com\/solutions-provider\/machines-equipment\/testing-equipment\/\" \/>\n<meta property=\"og:site_name\" content=\"Precastplants.com\" \/>\n<meta name=\"twitter:card\" content=\"summary_large_image\" \/>\n<script type=\"application\/ld+json\" class=\"yoast-schema-graph\">{\"@context\":\"https:\/\/schema.org\",\"@graph\":[{\"@type\":\"WebPage\",\"@id\":\"https:\/\/www.precastplants.com\/solutions-provider\/machines-equipment\/testing-equipment\/\",\"url\":\"https:\/\/www.precastplants.com\/solutions-provider\/machines-equipment\/testing-equipment\/\",\"name\":\"Qualit\u00e4tspr\u00fcfung, Testger\u00e4te - Precastplants.com\",\"isPartOf\":{\"@id\":\"https:\/\/www.precastplants.com\/?lang=de\/#website\"},\"datePublished\":\"2015-02-03T10:49:39+00:00\",\"breadcrumb\":{\"@id\":\"https:\/\/www.precastplants.com\/solutions-provider\/machines-equipment\/testing-equipment\/#breadcrumb\"},\"inLanguage\":\"de\",\"potentialAction\":[{\"@type\":\"ReadAction\",\"target\":[\"https:\/\/www.precastplants.com\/solutions-provider\/machines-equipment\/testing-equipment\/\"]}]},{\"@type\":\"BreadcrumbList\",\"@id\":\"https:\/\/www.precastplants.com\/solutions-provider\/machines-equipment\/testing-equipment\/#breadcrumb\",\"itemListElement\":[{\"@type\":\"ListItem\",\"position\":1,\"name\":\"Home\",\"item\":\"https:\/\/www.precastplants.com\/?lang=de\"},{\"@type\":\"ListItem\",\"position\":2,\"name\":\"L\u00f6sungsanbieter\",\"item\":\"https:\/\/www.precastplants.com\/loesungsanbieter\/?lang=de\"},{\"@type\":\"ListItem\",\"position\":3,\"name\":\"Produktionsmaschinen und Ausr\u00fcstung\",\"item\":\"https:\/\/www.precastplants.com\/loesungsanbieter\/produktionsmaschinen-und-ausruestung\/?lang=de\"},{\"@type\":\"ListItem\",\"position\":4,\"name\":\"Qualit\u00e4tspr\u00fcfung, Testger\u00e4te\"}]},{\"@type\":\"WebSite\",\"@id\":\"https:\/\/www.precastplants.com\/?lang=de\/#website\",\"url\":\"https:\/\/www.precastplants.com\/?lang=de\/\",\"name\":\"Precastplants.com\",\"description\":\"\",\"potentialAction\":[{\"@type\":\"SearchAction\",\"target\":{\"@type\":\"EntryPoint\",\"urlTemplate\":\"https:\/\/www.precastplants.com\/?lang=de\/?s={search_term_string}\"},\"query-input\":{\"@type\":\"PropertyValueSpecification\",\"valueRequired\":true,\"valueName\":\"search_term_string\"}}],\"inLanguage\":\"de\"}]}<\/script>\n<!-- \/ Yoast SEO plugin. -->","yoast_head_json":{"title":"Qualit\u00e4tspr\u00fcfung, Testger\u00e4te - Precastplants.com","robots":{"index":"index","follow":"follow","max-snippet":"max-snippet:-1","max-image-preview":"max-image-preview:large","max-video-preview":"max-video-preview:-1"},"canonical":"https:\/\/www.precastplants.com\/solutions-provider\/machines-equipment\/testing-equipment\/","og_locale":"de_DE","og_type":"article","og_title":"Qualit\u00e4tspr\u00fcfung, Testger\u00e4te - Precastplants.com","og_description":"CMT International AB 11759 Stockholm | Sweden Dr. SCHULZE GmbH 57234 Wilnsdorf HawkeyePedershaab.com 52637 Mediapolis (IA) | USA KNAUER Engineering 82538 Geretsried | Germany MBK Maschinenbau GmbH 88353 Kisslegg | Germany MIXER Systems, Inc. 53072 Pewaukee (WI) | USA Pathfinder Systems 49424 Holland (MI) | USA PROCEQ SA 8603 Schwerzenbach | Switzerland TINIUS OLSEN 19044-8009 [&hellip;]","og_url":"https:\/\/www.precastplants.com\/solutions-provider\/machines-equipment\/testing-equipment\/","og_site_name":"Precastplants.com","twitter_card":"summary_large_image","schema":{"@context":"https:\/\/schema.org","@graph":[{"@type":"WebPage","@id":"https:\/\/www.precastplants.com\/solutions-provider\/machines-equipment\/testing-equipment\/","url":"https:\/\/www.precastplants.com\/solutions-provider\/machines-equipment\/testing-equipment\/","name":"Qualit\u00e4tspr\u00fcfung, Testger\u00e4te - Precastplants.com","isPartOf":{"@id":"https:\/\/www.precastplants.com\/?lang=de\/#website"},"datePublished":"2015-02-03T10:49:39+00:00","breadcrumb":{"@id":"https:\/\/www.precastplants.com\/solutions-provider\/machines-equipment\/testing-equipment\/#breadcrumb"},"inLanguage":"de","potentialAction":[{"@type":"ReadAction","target":["https:\/\/www.precastplants.com\/solutions-provider\/machines-equipment\/testing-equipment\/"]}]},{"@type":"BreadcrumbList","@id":"https:\/\/www.precastplants.com\/solutions-provider\/machines-equipment\/testing-equipment\/#breadcrumb","itemListElement":[{"@type":"ListItem","position":1,"name":"Home","item":"https:\/\/www.precastplants.com\/?lang=de"},{"@type":"ListItem","position":2,"name":"L\u00f6sungsanbieter","item":"https:\/\/www.precastplants.com\/loesungsanbieter\/?lang=de"},{"@type":"ListItem","position":3,"name":"Produktionsmaschinen und Ausr\u00fcstung","item":"https:\/\/www.precastplants.com\/loesungsanbieter\/produktionsmaschinen-und-ausruestung\/?lang=de"},{"@type":"ListItem","position":4,"name":"Qualit\u00e4tspr\u00fcfung, Testger\u00e4te"}]},{"@type":"WebSite","@id":"https:\/\/www.precastplants.com\/?lang=de\/#website","url":"https:\/\/www.precastplants.com\/?lang=de\/","name":"Precastplants.com","description":"","potentialAction":[{"@type":"SearchAction","target":{"@type":"EntryPoint","urlTemplate":"https:\/\/www.precastplants.com\/?lang=de\/?s={search_term_string}"},"query-input":{"@type":"PropertyValueSpecification","valueRequired":true,"valueName":"search_term_string"}}],"inLanguage":"de"}]}},"_links":{"self":[{"href":"https:\/\/www.precastplants.com\/de\/wp-json\/wp\/v2\/pages\/1131"}],"collection":[{"href":"https:\/\/www.precastplants.com\/de\/wp-json\/wp\/v2\/pages"}],"about":[{"href":"https:\/\/www.precastplants.com\/de\/wp-json\/wp\/v2\/types\/page"}],"author":[{"embeddable":true,"href":"https:\/\/www.precastplants.com\/de\/wp-json\/wp\/v2\/users\/1"}],"replies":[{"embeddable":true,"href":"https:\/\/www.precastplants.com\/de\/wp-json\/wp\/v2\/comments?post=1131"}],"version-history":[{"count":1,"href":"https:\/\/www.precastplants.com\/de\/wp-json\/wp\/v2\/pages\/1131\/revisions"}],"predecessor-version":[{"id":1132,"href":"https:\/\/www.precastplants.com\/de\/wp-json\/wp\/v2\/pages\/1131\/revisions\/1132"}],"up":[{"embeddable":true,"href":"https:\/\/www.precastplants.com\/de\/wp-json\/wp\/v2\/pages\/1083"}],"wp:attachment":[{"href":"https:\/\/www.precastplants.com\/de\/wp-json\/wp\/v2\/media?parent=1131"}],"curies":[{"name":"wp","href":"https:\/\/api.w.org\/{rel}","templated":true}]}}